{"id":268,"date":"2021-11-27T12:02:13","date_gmt":"2021-11-27T12:02:13","guid":{"rendered":"https:\/\/www.luxmeds.be\/blog\/?page_id=268"},"modified":"2021-11-27T12:50:54","modified_gmt":"2021-11-27T12:50:54","slug":"tandartsreis","status":"publish","type":"page","link":"https:\/\/www.luxmeds.be\/blog\/tandartsreis\/","title":{"rendered":"Tandartsreis &#8211; ELEMENT Dental"},"content":{"rendered":"\n<p>Neem contact met ons op om vrijblijvend de mogelijkheden te bespreken.<\/p>\n\n\n\n<p><\/p>\n\n\n\n<h3 class=\"wp-block-heading\" id=\"h-tandartsreis-albani\">Tandartsreis Albani\u00eb<\/h3>\n\n\n\n<p>Tandartsreis Albani\u00eb biedt kwalitatieve tandartsbehandelingen die soms wel wel tot 70% goedkoper zijn dan in Nederland of Belgi\u00eb. Van implantaten, kronen, bruggen, klik-gebieten tot facings &amp; gebietrenovaties. <\/p>\n\n\n\n<h2 class=\"wp-block-heading\">Prijzen tandarts Albani\u00eb t.o.v. NL&nbsp;<em>&amp;<\/em>&nbsp;BE<\/h2>\n\n\n\n<p>Prijzen voor een behandeling van&nbsp;<a href=\"https:\/\/elementdental.al\">Tandarts <\/a><a href=\"https:\/\/elementdental.al\" target=\"_blank\" rel=\"noreferrer noopener sponsored nofollow\">Albani\u00eb<\/a> kunnen enorm verschillen met de prijzen voor een behandeling in Nederland of Belgi\u00eb. Zo scheelt de tandimplantaat prijs in Albani\u00eb tot wel \u20ac 700 of \u20ac 1.000. Een ongelofelijk prijsverschil en dat terwijl wij dezelfde kwaliteit aanbieden, en vaak nog beter, dan in Nederland of Belgi\u00eb. Zie onderstaand overzicht voor een vergelijking van een implantaat prijs, kroon prijs, klikgebit prijs etc.<\/p>\n\n\n\n<p><strong>Waarom kiezen voor Tandartsreis Albani\u00eb?<\/strong><\/p>\n\n\n\n<ul><li>Al onze materialen zijn van A-merk kwaliteit en komen onder andere uit Nederland en Duitsland. Hierdoor zijn ze van hoge kwaliteit en zul geen problemen ervaren.<\/li><li>Hele goede garantieregelingen. Iedereen wordt altijd geholpen, tot aan het laatste moment.<\/li><\/ul>\n\n\n\n<figure id=\"tablepress-1\" class=\"wp-block-table\"><table><thead><tr><th>BEHANDELINGEN<\/th><th>NL-BE<\/th><th>AL<\/th><\/tr><\/thead><tbody><tr><td>Porseleinen kroon per tand\/kies<\/td><td>\u20ac 590 &#8211; \u20ac 680<\/td><td>\u20ac 125<\/td><\/tr><tr><td>Zirkonium kroon per tand\/kies<\/td><td>\u20ac 890 &#8211; \u20ac 980<\/td><td>\u20ac 229<\/td><\/tr><tr><td>Driedelige porseleinen brug<\/td><td>\u20ac 1.845<\/td><td>\u20ac 480<\/td><\/tr><tr><td>Porseleinen laminaat facing<\/td><td>\u20ac 400 &#8211; \u20ac 480<\/td><td>\u20ac 230<\/td><\/tr><tr><td>Titanium implantaat + abutment<\/td><td>\u20ac 1.640 &#8211; \u20ac 2.250<\/td><td>\u20ac 600<\/td><\/tr><tr><td>Porseleinen kroon op implantaat<\/td><td>\u20ac 605 &#8211; \u20ac 695<\/td><td>\u20ac 170<\/td><\/tr><tr><td>Klikgebit met 14 kronen op 2 implantaten<\/td><td>\u20ac 2.400<\/td><td>\u20ac 740<\/td><\/tr><tr><td>Wortelkanaalbehandeling tand<\/td><td>\u20ac 200 &#8211; \u20ac 220<\/td><td>\u20ac 85<\/td><\/tr><tr><td>Wortelkanaalbehandeling kies<\/td><td>\u20ac 349 &#8211; \u20ac 374<\/td><td>\u20ac 130<\/td><\/tr><\/tbody><\/table><\/figure>\n\n\n\n<h3 class=\"wp-block-heading\">Hoe kan het zijn dat de prijzen voor een tandarts in Albani\u00eb zoveel lager zijn?<\/h3>\n\n\n\n<p>De reden van dit grote prijsverschil is dat de salariskosten van tandartsen en ondersteunend personeel lager zijn dan in Nederland. Ook de techniekkosten zijn lager. Onze prijzen zijn bovendien inclusief alle techniekkosten, materiaal en verdoving. In Nederland en Belgi\u00eb worden deze meestal apart in rekening gebracht bij de pati\u00ebnt.<\/p>\n\n\n\n<h2 class=\"wp-block-heading\">GARANTIE<\/h2>\n\n\n\n<p>Wij bieden je bij&nbsp;<a href=\"https:\/\/elementdental.al\" target=\"_blank\" rel=\"noreferrer noopener\">tandarts <\/a><a href=\"https:\/\/elementdental.al\">Albani\u00eb<\/a> langdurige garantie op de door onze kliniek uitgevoerde behandelingen. Voor implantaten, kronen, bruggen en een klikgebit geldt een garantietermijn van 5 jaar. Wij verwachten dan wel dat je zorgt voor een goede mondhygi\u00ebne. Dit betekent onder andere dat je tanden tweemaal per dag gepoetst moeten worden en dat je goed moet flossen, daarnaast moet je jaarlijks je gebit laat controleren door je lokale tandarts en regelmatig een mondhygi\u00ebnist bezoeken.<\/p>\n\n\n\n<p>Tijdens de persoonlijke kennismaking in Belgi\u00eb kunnen wij je meer informatie geven over de uitgebreide garantievoorwaarden.<\/p>\n\n\n\n<div class=\"wp-block-buttons is-layout-flex\">\n<div class=\"wp-block-button\"><a class=\"wp-block-button__link\" href=\"https:\/\/www.luxmeds.be\/blog\/werkwijze\/\" target=\"_blank\" rel=\"noreferrer noopener\">WERKWIJZE<\/a><\/div>\n\n\n\n<div class=\"wp-block-button\"><a class=\"wp-block-button__link\" href=\"https:\/\/www.luxmeds.be\/blog\/reis-verblijf\/\" target=\"_blank\" rel=\"noreferrer noopener\">REIS &amp; VERBLIJF<\/a><\/div>\n\n\n\n<div class=\"wp-block-button\"><a class=\"wp-block-button__link\" href=\"https:\/\/elementdental.al\" target=\"_blank\" rel=\"noreferrer noopener\">ELEMENT DENTAL<\/a><\/div>\n\n\n\n<div class=\"wp-block-button\"><a class=\"wp-block-button__link\" href=\"https:\/\/www.luxmeds.be\/blog\/contact\/\" target=\"_blank\" rel=\"noreferrer noopener\">CONTACT<\/a><\/div>\n<\/div>\n\n\n\n<p><\/p>\n","protected":false},"excerpt":{"rendered":"<p>Neem contact met ons op om vrijblijvend de mogelijkheden te bespreken. Tandartsreis Albani\u00eb Tandartsreis Albani\u00eb biedt kwalitatieve tandartsbehandelingen die soms wel wel tot 70% goedkoper zijn dan in Nederland of Belgi\u00eb. Van implantaten, kronen, bruggen, klik-gebieten tot facings &amp; gebietrenovaties. Prijzen tandarts Albani\u00eb t.o.v. NL&nbsp;&amp;&nbsp;BE Prijzen voor een behandeling van&nbsp;Tandarts Albani\u00eb kunnen enorm verschillen met [&hellip;]<\/p>\n","protected":false},"author":1,"featured_media":266,"parent":0,"menu_order":0,"comment_status":"closed","ping_status":"closed","template":"","meta":[],"yoast_head":"<!-- This site is optimized with the Yoast SEO Premium plugin v18.3 (Yoast SEO v21.8.1) - https:\/\/yoast.com\/wordpress\/plugins\/seo\/ -->\n<title>Tandartsreis - ELEMENT Dental - LUXMEDS Luxmeds, massage, spierpijn, Antwerpen, cellulitis,<\/title>\n<meta name=\"robots\" content=\"index, follow, max-snippet:-1, max-image-preview:large, max-video-preview:-1\" \/>\n<link rel=\"canonical\" href=\"https:\/\/www.luxmeds.be\/blog\/tandartsreis\/\" \/>\n<meta property=\"og:locale\" content=\"nl_NL\" \/>\n<meta property=\"og:type\" content=\"article\" \/>\n<meta property=\"og:title\" content=\"Tandartsreis - ELEMENT Dental\" \/>\n<meta property=\"og:description\" content=\"Neem contact met ons op om vrijblijvend de mogelijkheden te bespreken. Tandartsreis Albani\u00eb Tandartsreis Albani\u00eb biedt kwalitatieve tandartsbehandelingen die soms wel wel tot 70% goedkoper zijn dan in Nederland of Belgi\u00eb. Van implantaten, kronen, bruggen, klik-gebieten tot facings &amp; gebietrenovaties. Prijzen tandarts Albani\u00eb t.o.v. NL&nbsp;&amp;&nbsp;BE Prijzen voor een behandeling van&nbsp;Tandarts Albani\u00eb kunnen enorm verschillen met [&hellip;]\" \/>\n<meta property=\"og:url\" content=\"https:\/\/www.luxmeds.be\/blog\/tandartsreis\/\" \/>\n<meta property=\"og:site_name\" content=\"LUXMEDS\" \/>\n<meta property=\"article:publisher\" content=\"https:\/\/www.facebook.com\/pages\/category\/Naturopath\/Medical-Massages-101229301575513\/\" \/>\n<meta property=\"article:modified_time\" content=\"2021-11-27T12:50:54+00:00\" \/>\n<meta property=\"og:image\" content=\"https:\/\/www.luxmeds.be\/blog\/wp-content\/uploads\/2021\/11\/Schermafbeelding-2021-11-27-om-12.50.12.png\" \/>\n\t<meta property=\"og:image:width\" content=\"2320\" \/>\n\t<meta property=\"og:image:height\" content=\"1340\" \/>\n\t<meta property=\"og:image:type\" content=\"image\/png\" \/>\n<meta name=\"twitter:card\" content=\"summary_large_image\" \/>\n<meta name=\"twitter:label1\" content=\"Geschatte leestijd\" \/>\n\t<meta name=\"twitter:data1\" content=\"2 minuten\" \/>\n<script type=\"application\/ld+json\" class=\"yoast-schema-graph\">{\"@context\":\"https:\/\/schema.org\",\"@graph\":[{\"@type\":\"WebPage\",\"@id\":\"https:\/\/www.luxmeds.be\/blog\/tandartsreis\/\",\"url\":\"https:\/\/www.luxmeds.be\/blog\/tandartsreis\/\",\"name\":\"Tandartsreis - ELEMENT Dental - LUXMEDS Luxmeds, massage, spierpijn, Antwerpen, cellulitis,\",\"isPartOf\":{\"@id\":\"https:\/\/www.luxmeds.be\/blog\/#website\"},\"datePublished\":\"2021-11-27T12:02:13+00:00\",\"dateModified\":\"2021-11-27T12:50:54+00:00\",\"breadcrumb\":{\"@id\":\"https:\/\/www.luxmeds.be\/blog\/tandartsreis\/#breadcrumb\"},\"inLanguage\":\"nl\",\"potentialAction\":[{\"@type\":\"ReadAction\",\"target\":[\"https:\/\/www.luxmeds.be\/blog\/tandartsreis\/\"]}]},{\"@type\":\"BreadcrumbList\",\"@id\":\"https:\/\/www.luxmeds.be\/blog\/tandartsreis\/#breadcrumb\",\"itemListElement\":[{\"@type\":\"ListItem\",\"position\":1,\"name\":\"Home\",\"item\":\"https:\/\/www.luxmeds.be\/blog\/\"},{\"@type\":\"ListItem\",\"position\":2,\"name\":\"Tandartsreis &#8211; ELEMENT Dental\"}]},{\"@type\":\"WebSite\",\"@id\":\"https:\/\/www.luxmeds.be\/blog\/#website\",\"url\":\"https:\/\/www.luxmeds.be\/blog\/\",\"name\":\"LUXMEDS\",\"description\":\"keeps you goin'\",\"publisher\":{\"@id\":\"https:\/\/www.luxmeds.be\/blog\/#organization\"},\"potentialAction\":[{\"@type\":\"SearchAction\",\"target\":{\"@type\":\"EntryPoint\",\"urlTemplate\":\"https:\/\/www.luxmeds.be\/blog\/?s={search_term_string}\"},\"query-input\":\"required name=search_term_string\"}],\"inLanguage\":\"nl\"},{\"@type\":\"Organization\",\"@id\":\"https:\/\/www.luxmeds.be\/blog\/#organization\",\"name\":\"LUXMEDS\",\"url\":\"https:\/\/www.luxmeds.be\/blog\/\",\"logo\":{\"@type\":\"ImageObject\",\"inLanguage\":\"nl\",\"@id\":\"https:\/\/www.luxmeds.be\/blog\/#\/schema\/logo\/image\/\",\"url\":\"https:\/\/www.luxmeds.be\/blog\/wp-content\/uploads\/2021\/07\/cropped-Schermafbeelding-2021-07-07-om-21.14.17.png\",\"contentUrl\":\"https:\/\/www.luxmeds.be\/blog\/wp-content\/uploads\/2021\/07\/cropped-Schermafbeelding-2021-07-07-om-21.14.17.png\",\"width\":512,\"height\":512,\"caption\":\"LUXMEDS\"},\"image\":{\"@id\":\"https:\/\/www.luxmeds.be\/blog\/#\/schema\/logo\/image\/\"},\"sameAs\":[\"https:\/\/www.facebook.com\/pages\/category\/Naturopath\/Medical-Massages-101229301575513\/\",\"https:\/\/www.instagram.com\/medicalmassages.be\/\"]}]}<\/script>\n<!-- \/ Yoast SEO Premium plugin. -->","yoast_head_json":{"title":"Tandartsreis - ELEMENT Dental - LUXMEDS Luxmeds, massage, spierpijn, Antwerpen, cellulitis,","robots":{"index":"index","follow":"follow","max-snippet":"max-snippet:-1","max-image-preview":"max-image-preview:large","max-video-preview":"max-video-preview:-1"},"canonical":"https:\/\/www.luxmeds.be\/blog\/tandartsreis\/","og_locale":"nl_NL","og_type":"article","og_title":"Tandartsreis - ELEMENT Dental","og_description":"Neem contact met ons op om vrijblijvend de mogelijkheden te bespreken. Tandartsreis Albani\u00eb Tandartsreis Albani\u00eb biedt kwalitatieve tandartsbehandelingen die soms wel wel tot 70% goedkoper zijn dan in Nederland of Belgi\u00eb. Van implantaten, kronen, bruggen, klik-gebieten tot facings &amp; gebietrenovaties. Prijzen tandarts Albani\u00eb t.o.v. NL&nbsp;&amp;&nbsp;BE Prijzen voor een behandeling van&nbsp;Tandarts Albani\u00eb kunnen enorm verschillen met [&hellip;]","og_url":"https:\/\/www.luxmeds.be\/blog\/tandartsreis\/","og_site_name":"LUXMEDS","article_publisher":"https:\/\/www.facebook.com\/pages\/category\/Naturopath\/Medical-Massages-101229301575513\/","article_modified_time":"2021-11-27T12:50:54+00:00","og_image":[{"width":2320,"height":1340,"url":"https:\/\/www.luxmeds.be\/blog\/wp-content\/uploads\/2021\/11\/Schermafbeelding-2021-11-27-om-12.50.12.png","type":"image\/png"}],"twitter_card":"summary_large_image","twitter_misc":{"Geschatte leestijd":"2 minuten"},"schema":{"@context":"https:\/\/schema.org","@graph":[{"@type":"WebPage","@id":"https:\/\/www.luxmeds.be\/blog\/tandartsreis\/","url":"https:\/\/www.luxmeds.be\/blog\/tandartsreis\/","name":"Tandartsreis - ELEMENT Dental - LUXMEDS Luxmeds, massage, spierpijn, Antwerpen, cellulitis,","isPartOf":{"@id":"https:\/\/www.luxmeds.be\/blog\/#website"},"datePublished":"2021-11-27T12:02:13+00:00","dateModified":"2021-11-27T12:50:54+00:00","breadcrumb":{"@id":"https:\/\/www.luxmeds.be\/blog\/tandartsreis\/#breadcrumb"},"inLanguage":"nl","potentialAction":[{"@type":"ReadAction","target":["https:\/\/www.luxmeds.be\/blog\/tandartsreis\/"]}]},{"@type":"BreadcrumbList","@id":"https:\/\/www.luxmeds.be\/blog\/tandartsreis\/#breadcrumb","itemListElement":[{"@type":"ListItem","position":1,"name":"Home","item":"https:\/\/www.luxmeds.be\/blog\/"},{"@type":"ListItem","position":2,"name":"Tandartsreis &#8211; ELEMENT Dental"}]},{"@type":"WebSite","@id":"https:\/\/www.luxmeds.be\/blog\/#website","url":"https:\/\/www.luxmeds.be\/blog\/","name":"LUXMEDS","description":"keeps you goin'","publisher":{"@id":"https:\/\/www.luxmeds.be\/blog\/#organization"},"potentialAction":[{"@type":"SearchAction","target":{"@type":"EntryPoint","urlTemplate":"https:\/\/www.luxmeds.be\/blog\/?s={search_term_string}"},"query-input":"required name=search_term_string"}],"inLanguage":"nl"},{"@type":"Organization","@id":"https:\/\/www.luxmeds.be\/blog\/#organization","name":"LUXMEDS","url":"https:\/\/www.luxmeds.be\/blog\/","logo":{"@type":"ImageObject","inLanguage":"nl","@id":"https:\/\/www.luxmeds.be\/blog\/#\/schema\/logo\/image\/","url":"https:\/\/www.luxmeds.be\/blog\/wp-content\/uploads\/2021\/07\/cropped-Schermafbeelding-2021-07-07-om-21.14.17.png","contentUrl":"https:\/\/www.luxmeds.be\/blog\/wp-content\/uploads\/2021\/07\/cropped-Schermafbeelding-2021-07-07-om-21.14.17.png","width":512,"height":512,"caption":"LUXMEDS"},"image":{"@id":"https:\/\/www.luxmeds.be\/blog\/#\/schema\/logo\/image\/"},"sameAs":["https:\/\/www.facebook.com\/pages\/category\/Naturopath\/Medical-Massages-101229301575513\/","https:\/\/www.instagram.com\/medicalmassages.be\/"]}]}},"_links":{"self":[{"href":"https:\/\/www.luxmeds.be\/blog\/wp-json\/wp\/v2\/pages\/268"}],"collection":[{"href":"https:\/\/www.luxmeds.be\/blog\/wp-json\/wp\/v2\/pages"}],"about":[{"href":"https:\/\/www.luxmeds.be\/blog\/wp-json\/wp\/v2\/types\/page"}],"author":[{"embeddable":true,"href":"https:\/\/www.luxmeds.be\/blog\/wp-json\/wp\/v2\/users\/1"}],"replies":[{"embeddable":true,"href":"https:\/\/www.luxmeds.be\/blog\/wp-json\/wp\/v2\/comments?post=268"}],"version-history":[{"count":8,"href":"https:\/\/www.luxmeds.be\/blog\/wp-json\/wp\/v2\/pages\/268\/revisions"}],"predecessor-version":[{"id":296,"href":"https:\/\/www.luxmeds.be\/blog\/wp-json\/wp\/v2\/pages\/268\/revisions\/296"}],"wp:featuredmedia":[{"embeddable":true,"href":"https:\/\/www.luxmeds.be\/blog\/wp-json\/wp\/v2\/media\/266"}],"wp:attachment":[{"href":"https:\/\/www.luxmeds.be\/blog\/wp-json\/wp\/v2\/media?parent=268"}],"curies":[{"name":"wp","href":"https:\/\/api.w.org\/{rel}","templated":true}]}}